{"id":395,"date":"2025-06-17T08:57:23","date_gmt":"2025-06-17T06:57:23","guid":{"rendered":"https:\/\/prometeoformacion.com\/tienda\/?post_type=product&#038;p=395"},"modified":"2025-06-17T12:00:19","modified_gmt":"2025-06-17T10:00:19","slug":"prevencion-en-agentes-biologicos-exposicion","status":"publish","type":"product","link":"https:\/\/prometeoformacion.com\/tienda\/producto\/prevencion-en-agentes-biologicos-exposicion\/","title":{"rendered":"Prevenci\u00f3n en Agentes Biol\u00f3gicos Exposici\u00f3n"},"content":{"rendered":"<p>DURACI\u00d3N: 60 HORAS<\/p>\n<p>Este curso permite adquirir los conocimientos necesarios de nivel b\u00e1sico de Prevenci\u00f3n de Riesgos Laborales. Incluye adem\u00e1s una parte de temario espec\u00edfico en funci\u00f3n del Sector Profesional en que se encuadra la actividad laboral que desempe\u00f1a el alumno. Se pretende consolidar y mejorar los conocimientos sobre prevenci\u00f3n aplicadas a las tareas cotidianas en el puesto de trabajo. El Real Decreto 39\/1997, de 17 de enero, por el que se aprueba el Reglamento de los Servicios de Prevenci\u00f3n, publicado en el BOE n\u00ba 27 de 31 de enero de 1997, establece que las funciones que integran el nivel b\u00e1sico de la actividad preventiva<\/p>\n","protected":false},"excerpt":{"rendered":"<p>DURACI\u00d3N: 60 HORAS Este curso permite adquirir los conocimientos necesarios de nivel b\u00e1sico de Prevenci\u00f3n de Riesgos Laborales. Incluye adem\u00e1s una parte de temario espec\u00edfico en funci\u00f3n del Sector Profesional en que se encuadra la actividad laboral que desempe\u00f1a el alumno. Se pretende consolidar y mejorar los conocimientos sobre prevenci\u00f3n aplicadas a las tareas cotidianas [&hellip;]<\/p>\n","protected":false},"featured_media":397,"comment_status":"open","ping_status":"closed","template":"","meta":[],"product_brand":[],"product_cat":[15],"product_tag":[],"class_list":{"0":"post-395","1":"product","2":"type-product","3":"status-publish","4":"has-post-thumbnail","6":"product_cat-sin-categorizar","8":"first","9":"instock","10":"taxable","11":"shipping-taxable","12":"purchasable","13":"product-type-simple"},"_links":{"self":[{"href":"https:\/\/prometeoformacion.com\/tienda\/wp-json\/wp\/v2\/product\/395","targetHints":{"allow":["GET"]}}],"collection":[{"href":"https:\/\/prometeoformacion.com\/tienda\/wp-json\/wp\/v2\/product"}],"about":[{"href":"https:\/\/prometeoformacion.com\/tienda\/wp-json\/wp\/v2\/types\/product"}],"replies":[{"embeddable":true,"href":"https:\/\/prometeoformacion.com\/tienda\/wp-json\/wp\/v2\/comments?post=395"}],"wp:featuredmedia":[{"embeddable":true,"href":"https:\/\/prometeoformacion.com\/tienda\/wp-json\/wp\/v2\/media\/397"}],"wp:attachment":[{"href":"https:\/\/prometeoformacion.com\/tienda\/wp-json\/wp\/v2\/media?parent=395"}],"wp:term":[{"taxonomy":"product_brand","embeddable":true,"href":"https:\/\/prometeoformacion.com\/tienda\/wp-json\/wp\/v2\/product_brand?post=395"},{"taxonomy":"product_cat","embeddable":true,"href":"https:\/\/prometeoformacion.com\/tienda\/wp-json\/wp\/v2\/product_cat?post=395"},{"taxonomy":"product_tag","embeddable":true,"href":"https:\/\/prometeoformacion.com\/tienda\/wp-json\/wp\/v2\/product_tag?post=395"}],"curies":[{"name":"wp","href":"https:\/\/api.w.org\/{rel}","templated":true}]}}