{"id":67,"date":"2025-02-26T13:49:00","date_gmt":"2025-02-26T12:49:00","guid":{"rendered":"https:\/\/prometeoformacion.com\/tienda\/eb-courses\/"},"modified":"2025-04-21T12:20:48","modified_gmt":"2025-04-21T10:20:48","slug":"eb-courses","status":"publish","type":"page","link":"https:\/\/prometeoformacion.com\/tienda\/","title":{"rendered":"Cursos"},"content":{"rendered":"<div class=\"edwiser-bridge\"><form class=\"eb_filter_and_sorting\" method=\"get\">\n\t<input type=\"hidden\" name=\"eb_courses_page_key\" value=\"beea98b3ab\">\n\n\t<div class='eb_archive_filter'>\n\t\t<label class=\"eb_archive_filter_lbl\"> Filter Courses by Category: <\/label>\n\t\t<select name=\"eb_category_filter\" id=\"eb_category_filter\" class=\"\" >\n\t\t\t<option value=\"eb_archive_filter_all\" >All<\/option>\n\n\t\t\t\t\t\t\t<option value=\"35\" >Administraci\u00f3n de sistemas<\/option>\n\t\t\t\t\t\t\t<option value=\"43\" >Administracion p\u00fablica<\/option>\n\t\t\t\t\t\t\t<option value=\"46\" >Alimentaci\u00f3n y hosteler\u00eda<\/option>\n\t\t\t\t\t\t\t<option value=\"24\" >Calidad y medioambiente<\/option>\n\t\t\t\t\t\t\t<option value=\"39\" >Cursos gratuitos<\/option>\n\t\t\t\t\t\t\t<option value=\"17\" >Cursos propios<\/option>\n\t\t\t\t\t\t\t<option value=\"32\" >Dise\u00f1o gr\u00e1fico y web<\/option>\n\t\t\t\t\t\t\t<option value=\"40\" >Educaci\u00f3n y formaci\u00f3n<\/option>\n\t\t\t\t\t\t\t<option value=\"37\" >Especializaciones profesionales<\/option>\n\t\t\t\t\t\t\t<option value=\"21\" >Gesti\u00f3n empresarial<\/option>\n\t\t\t\t\t\t\t<option value=\"18\" >Habilidades directivas<\/option>\n\t\t\t\t\t\t\t<option value=\"19\" >Habilidades personales<\/option>\n\t\t\t\t\t\t\t<option value=\"38\" >Idiomas<\/option>\n\t\t\t\t\t\t\t<option value=\"36\" >Ingenier\u00eda y proyectos<\/option>\n\t\t\t\t\t\t\t<option value=\"30\" >Inteligencia artificial<\/option>\n\t\t\t\t\t\t\t<option value=\"29\" >Internet<\/option>\n\t\t\t\t\t\t\t<option value=\"26\" >Legislaci\u00f3n general<\/option>\n\t\t\t\t\t\t\t<option value=\"22\" >Marketing y ventas<\/option>\n\t\t\t\t\t\t\t<option value=\"28\" >Ofim\u00e1tica<\/option>\n\t\t\t\t\t\t\t<option value=\"41\" >Oposiciones<\/option>\n\t\t\t\t\t\t\t<option value=\"23\" >Prevenci\u00f3n de riesgos<\/option>\n\t\t\t\t\t\t\t<option value=\"34\" >Programaci\u00f3n<\/option>\n\t\t\t\t\t\t\t<option value=\"25\" >Protecci\u00f3n de datos<\/option>\n\t\t\t\t\t\t\t<option value=\"20\" >Recursos Humanos<\/option>\n\t\t\t\t\t\t\t<option value=\"27\" >Sanidad, servicios sociales e igualdad<\/option>\n\t\t\t\t\t\t\t<option value=\"31\" >Transformaci\u00f3n digital<\/option>\n\t\t\t\t\t\t\t<option value=\"42\" >Veterinaria<\/option>\n\t\t\t\t\t\t\t<option value=\"33\" >Video, imagen y sonido<\/option>\n\t\t\t\t\t<\/select>\n\t<\/div>\n\n\t<div class='eb_archive_sort'>\n\t\t<label class=\"eb_archive_sort_lbl\"> Sort by: <\/label>\n\t\t<select name=\"eb_category_sort\" id=\"eb_category_sort\" class=\"\" >\n\t\t\t<option value=\"eb_archive_sort_a_z\" >Default A to Z<\/option>\n\t\t\t<option value=\"eb_archive_sort_z_a\" >Sort Z to A<\/option>\n\t\t\t<option value=\"eb_archive_latest\" >Sort by latest<\/option>\n\t\t\t<option value=\"eb_archive_oldest\" >Sort by oldest<\/option>\n\t\t<\/select>\n\t<\/div>\n<\/form>\n\t\t\t<div class='eb-cat-parent'>\n\t\t\t\t\t<div class=\"sc-eb_courses-wrapper eb_course_cards_wrap\">\n\t\t\t\t\t\t\n<div id=\"post-762\" class=\"wdm-col-3-2-1 eb-course-card eb-course-col wdm-course-grid-wrap no-access post-762 eb_course type-eb_course status-publish hentry eb_course_cat-inteligenciaartificial\" title=\"Click to read more about Curso de ChatGPT e inteligencia artificial (60 horas ADR) course\">\n\t<div class=\"eb-grid-container\">\n\t\t<div class=\"wdm-course-grid\">\n\n\t\t\t\t\t<a href=\"https:\/\/prometeoformacion.com\/tienda\/courses\/curso-de-chatgpt-e-inteligencia-artificial-60-horas-adr\/\" rel=\"bookmark\" class=\"wdm-course-thumbnail\">\n\t\t\t\t<!-- Course card image container -->\n\t\t\t\t<div class=\"wdm-course-image\">\n\t\t\t\t\t<img decoding=\"async\" src=\"https:\/\/prometeoformacion.com\/tienda\/wp-content\/plugins\/edwiser-bridge\/images\/placeholder-course-thumbnail.jpeg\"\/>\n\t\t\t\t<\/div>\n\t\t\t\t<div class=\"wdm-caption\">\n\t\t\t\t\t<div  class=\"eb-cat-wrapper-new \">\n\t\t\t\t\tInteligencia artificial\t\t\t\t\t<\/div>\n\n\t\t\t\t\t<div class=\"eb-course-title eb-course-card-title\">Curso de ChatGPT e inteligencia artificial (60 horas ADR)<\/div>\n\n\t\t\t\t\t\n\t\t\t\t\t<div>\n\t\t\t\t\t\t<p class=\"eb_short_desc\">\n\t\t\t\t\t\t\t \n\t\t\t\t\t\t<\/p>\n\t\t\t\t\t<\/div>\n\n\t\t\t\t\t\t<div class=\"wdm-price free\">\n\t\tFree\t<\/div>\n\t\t\t\t\t<\/div>\n\t\t\t<\/a>\n\n\t\t\t\t\t<\/div>\n\t<\/div>\n\t<!-- .wdm-course-grid -->\n<\/div><!-- #post -->\n\n<div id=\"post-68\" class=\"wdm-col-3-2-1 eb-course-card eb-course-col wdm-course-grid-wrap no-access post-68 eb_course type-eb_course status-publish has-post-thumbnail hentry eb_course_cat-cursospropios\" title=\"Click to read more about Curso de pruebas course\">\n\t<div class=\"eb-grid-container\">\n\t\t<div class=\"wdm-course-grid\">\n\n\t\t\t\t\t<a href=\"https:\/\/prometeoformacion.com\/tienda\/courses\/curso-de-pruebas\/\" rel=\"bookmark\" class=\"wdm-course-thumbnail\">\n\t\t\t\t<!-- Course card image container -->\n\t\t\t\t<div class=\"wdm-course-image\">\n\t\t\t\t\t<img decoding=\"async\" src=\"https:\/\/prometeoformacion.com\/tienda\/wp-content\/uploads\/2025\/06\/UE_AI_021-1.jpg\"\/>\n\t\t\t\t<\/div>\n\t\t\t\t<div class=\"wdm-caption\">\n\t\t\t\t\t<div  class=\"eb-cat-wrapper-new \">\n\t\t\t\t\tCursos propios\t\t\t\t\t<\/div>\n\n\t\t\t\t\t<div class=\"eb-course-title eb-course-card-title\">Curso de pruebas<\/div>\n\n\t\t\t\t\t\n\t\t\t\t\t<div>\n\t\t\t\t\t\t<p class=\"eb_short_desc\">\n\t\t\t\t\t\t\t \n\t\t\t\t\t\t<\/p>\n\t\t\t\t\t<\/div>\n\n\t\t\t\t\t\t<div class=\"wdm-price free\">\n\t\tFree\t<\/div>\n\t\t\t\t\t<\/div>\n\t\t\t<\/a>\n\n\t\t\t\t\t<\/div>\n\t<\/div>\n\t<!-- .wdm-course-grid -->\n<\/div><!-- #post -->\n\n<div id=\"post-543\" class=\"wdm-col-3-2-1 eb-course-card eb-course-col wdm-course-grid-wrap no-access post-543 eb_course type-eb_course status-publish hentry eb_course_cat-prevencionderiesgos\" title=\"Click to read more about Prevenci\u00f3n de Riesgos Laborales en comercio al por menor o establecimientos no especializados (60 horas) course\">\n\t<div class=\"eb-grid-container\">\n\t\t<div class=\"wdm-course-grid\">\n\n\t\t\t\t\t<a href=\"https:\/\/prometeoformacion.com\/tienda\/courses\/prevencion-de-riesgos-laborales-en-comercio-al-por-menor-o-establecimientos-no-especializados-60-horas\/\" rel=\"bookmark\" class=\"wdm-course-thumbnail\">\n\t\t\t\t<!-- Course card image container -->\n\t\t\t\t<div class=\"wdm-course-image\">\n\t\t\t\t\t<img decoding=\"async\" src=\"https:\/\/prometeoformacion.com\/tienda\/wp-content\/plugins\/edwiser-bridge\/images\/placeholder-course-thumbnail.jpeg\"\/>\n\t\t\t\t<\/div>\n\t\t\t\t<div class=\"wdm-caption\">\n\t\t\t\t\t<div  class=\"eb-cat-wrapper-new \">\n\t\t\t\t\tPrevenci\u00f3n de riesgos\t\t\t\t\t<\/div>\n\n\t\t\t\t\t<div class=\"eb-course-title eb-course-card-title\">Prevenci\u00f3n de Riesgos Laborales en comercio al por menor o establecimientos no especializados (60 horas)<\/div>\n\n\t\t\t\t\t\n\t\t\t\t\t<div>\n\t\t\t\t\t\t<p class=\"eb_short_desc\">\n\t\t\t\t\t\t\t \n\t\t\t\t\t\t<\/p>\n\t\t\t\t\t<\/div>\n\n\t\t\t\t\t\t<div class=\"wdm-price free\">\n\t\tFree\t<\/div>\n\t\t\t\t\t<\/div>\n\t\t\t<\/a>\n\n\t\t\t\t\t<\/div>\n\t<\/div>\n\t<!-- .wdm-course-grid -->\n<\/div><!-- #post -->\n\n<div id=\"post-544\" class=\"wdm-col-3-2-1 eb-course-card eb-course-col wdm-course-grid-wrap no-access post-544 eb_course type-eb_course status-publish hentry eb_course_cat-prevencionderiesgos\" title=\"Click to read more about Prevenci\u00f3n de Riesgos Laborales en comercios al por menor de muebles dom\u00e9sticos y l\u00e1mparas (60 horas) course\">\n\t<div class=\"eb-grid-container\">\n\t\t<div class=\"wdm-course-grid\">\n\n\t\t\t\t\t<a href=\"https:\/\/prometeoformacion.com\/tienda\/courses\/prevencion-de-riesgos-laborales-en-comercios-al-por-menor-de-muebles-domesticos-y-lamparas-60-horas\/\" rel=\"bookmark\" class=\"wdm-course-thumbnail\">\n\t\t\t\t<!-- Course card image container -->\n\t\t\t\t<div class=\"wdm-course-image\">\n\t\t\t\t\t<img decoding=\"async\" src=\"https:\/\/prometeoformacion.com\/tienda\/wp-content\/plugins\/edwiser-bridge\/images\/placeholder-course-thumbnail.jpeg\"\/>\n\t\t\t\t<\/div>\n\t\t\t\t<div class=\"wdm-caption\">\n\t\t\t\t\t<div  class=\"eb-cat-wrapper-new \">\n\t\t\t\t\tPrevenci\u00f3n de riesgos\t\t\t\t\t<\/div>\n\n\t\t\t\t\t<div class=\"eb-course-title eb-course-card-title\">Prevenci\u00f3n de Riesgos Laborales en comercios al por menor de muebles dom\u00e9sticos y l\u00e1mparas (60 horas)<\/div>\n\n\t\t\t\t\t\n\t\t\t\t\t<div>\n\t\t\t\t\t\t<p class=\"eb_short_desc\">\n\t\t\t\t\t\t\t \n\t\t\t\t\t\t<\/p>\n\t\t\t\t\t<\/div>\n\n\t\t\t\t\t\t<div class=\"wdm-price free\">\n\t\tFree\t<\/div>\n\t\t\t\t\t<\/div>\n\t\t\t<\/a>\n\n\t\t\t\t\t<\/div>\n\t<\/div>\n\t<!-- .wdm-course-grid -->\n<\/div><!-- #post -->\n\n<div id=\"post-535\" class=\"wdm-col-3-2-1 eb-course-card eb-course-col wdm-course-grid-wrap no-access post-535 eb_course type-eb_course status-publish hentry eb_course_cat-prevencionderiesgos\" title=\"Click to read more about Prevenci\u00f3n de Riesgos Laborales en panader\u00edas y pasteler\u00edas (60 horas) course\">\n\t<div class=\"eb-grid-container\">\n\t\t<div class=\"wdm-course-grid\">\n\n\t\t\t\t\t<a href=\"https:\/\/prometeoformacion.com\/tienda\/courses\/prevencion-de-riesgos-laborales-en-panaderias-y-pastelerias-60-horas\/\" rel=\"bookmark\" class=\"wdm-course-thumbnail\">\n\t\t\t\t<!-- Course card image container -->\n\t\t\t\t<div class=\"wdm-course-image\">\n\t\t\t\t\t<img decoding=\"async\" src=\"https:\/\/prometeoformacion.com\/tienda\/wp-content\/plugins\/edwiser-bridge\/images\/placeholder-course-thumbnail.jpeg\"\/>\n\t\t\t\t<\/div>\n\t\t\t\t<div class=\"wdm-caption\">\n\t\t\t\t\t<div  class=\"eb-cat-wrapper-new \">\n\t\t\t\t\tPrevenci\u00f3n de riesgos\t\t\t\t\t<\/div>\n\n\t\t\t\t\t<div class=\"eb-course-title eb-course-card-title\">Prevenci\u00f3n de Riesgos Laborales en panader\u00edas y pasteler\u00edas (60 horas)<\/div>\n\n\t\t\t\t\t\n\t\t\t\t\t<div>\n\t\t\t\t\t\t<p class=\"eb_short_desc\">\n\t\t\t\t\t\t\t \n\t\t\t\t\t\t<\/p>\n\t\t\t\t\t<\/div>\n\n\t\t\t\t\t\t<div class=\"wdm-price free\">\n\t\tFree\t<\/div>\n\t\t\t\t\t<\/div>\n\t\t\t<\/a>\n\n\t\t\t\t\t<\/div>\n\t<\/div>\n\t<!-- .wdm-course-grid -->\n<\/div><!-- #post -->\n\n<div id=\"post-326\" class=\"wdm-col-3-2-1 eb-course-card eb-course-col wdm-course-grid-wrap no-access post-326 eb_course type-eb_course status-publish has-post-thumbnail hentry eb_course_cat-prevencionderiesgos\" title=\"Click to read more about Prevenci\u00f3n en Agentes Biol\u00f3gicos Exposici\u00f3n course\">\n\t<div class=\"eb-grid-container\">\n\t\t<div class=\"wdm-course-grid\">\n\n\t\t\t\t\t<a href=\"https:\/\/prometeoformacion.com\/tienda\/courses\/prevencion-en-agentes-biologicos-exposicion\/\" rel=\"bookmark\" class=\"wdm-course-thumbnail\">\n\t\t\t\t<!-- Course card image container -->\n\t\t\t\t<div class=\"wdm-course-image\">\n\t\t\t\t\t<img decoding=\"async\" src=\"https:\/\/prometeoformacion.com\/tienda\/wp-content\/uploads\/2025\/06\/ChatGPT-Image-16-jun-2025-23_30_18-2.png\"\/>\n\t\t\t\t<\/div>\n\t\t\t\t<div class=\"wdm-caption\">\n\t\t\t\t\t<div  class=\"eb-cat-wrapper-new \">\n\t\t\t\t\tPrevenci\u00f3n de riesgos\t\t\t\t\t<\/div>\n\n\t\t\t\t\t<div class=\"eb-course-title eb-course-card-title\">Prevenci\u00f3n en Agentes Biol\u00f3gicos Exposici\u00f3n<\/div>\n\n\t\t\t\t\t\n\t\t\t\t\t<div>\n\t\t\t\t\t\t<p class=\"eb_short_desc\">\n\t\t\t\t\t\t\t \n\t\t\t\t\t\t<\/p>\n\t\t\t\t\t<\/div>\n\n\t\t\t\t\t\t<div class=\"wdm-price free\">\n\t\tFree\t<\/div>\n\t\t\t\t\t<\/div>\n\t\t\t<\/a>\n\n\t\t\t\t\t<\/div>\n\t<\/div>\n\t<!-- .wdm-course-grid -->\n<\/div><!-- #post -->\n\n<div id=\"post-303\" class=\"wdm-col-3-2-1 eb-course-card eb-course-col wdm-course-grid-wrap no-access post-303 eb_course type-eb_course status-publish has-post-thumbnail hentry eb_course_cat-prevencionderiesgos\" title=\"Click to read more about Seguridad en el trabajo course\">\n\t<div class=\"eb-grid-container\">\n\t\t<div class=\"wdm-course-grid\">\n\n\t\t\t\t\t<a href=\"https:\/\/prometeoformacion.com\/tienda\/courses\/seguridad-en-el-trabajo\/\" rel=\"bookmark\" class=\"wdm-course-thumbnail\">\n\t\t\t\t<!-- Course card image container -->\n\t\t\t\t<div class=\"wdm-course-image\">\n\t\t\t\t\t<img decoding=\"async\" src=\"https:\/\/prometeoformacion.com\/tienda\/wp-content\/uploads\/2025\/06\/ChatGPT-Image-16-jun-2025-21_39_28-1.png\"\/>\n\t\t\t\t<\/div>\n\t\t\t\t<div class=\"wdm-caption\">\n\t\t\t\t\t<div  class=\"eb-cat-wrapper-new \">\n\t\t\t\t\tPrevenci\u00f3n de riesgos\t\t\t\t\t<\/div>\n\n\t\t\t\t\t<div class=\"eb-course-title eb-course-card-title\">Seguridad en el trabajo<\/div>\n\n\t\t\t\t\t\n\t\t\t\t\t<div>\n\t\t\t\t\t\t<p class=\"eb_short_desc\">\n\t\t\t\t\t\t\t \n\t\t\t\t\t\t<\/p>\n\t\t\t\t\t<\/div>\n\n\t\t\t\t\t\t<div class=\"wdm-price free\">\n\t\tFree\t<\/div>\n\t\t\t\t\t<\/div>\n\t\t\t<\/a>\n\n\t\t\t\t\t<\/div>\n\t<\/div>\n\t<!-- .wdm-course-grid -->\n<\/div><!-- #post -->\n\t\t\t\t<\/div>\n\t\t\t\t\t\t\t<div style=\"clear:both\"><\/div>\n\t\t\t\t\t<\/div>\n\t\t<\/div>\n","protected":false},"excerpt":{"rendered":"","protected":false},"author":1,"featured_media":0,"parent":0,"menu_order":0,"comment_status":"closed","ping_status":"closed","template":"","meta":{"productId":0,"courseId":0,"footnotes":""},"class_list":["post-67","page","type-page","status-publish","hentry"],"_links":{"self":[{"href":"https:\/\/prometeoformacion.com\/tienda\/wp-json\/wp\/v2\/pages\/67","targetHints":{"allow":["GET"]}}],"collection":[{"href":"https:\/\/prometeoformacion.com\/tienda\/wp-json\/wp\/v2\/pages"}],"about":[{"href":"https:\/\/prometeoformacion.com\/tienda\/wp-json\/wp\/v2\/types\/page"}],"author":[{"embeddable":true,"href":"https:\/\/prometeoformacion.com\/tienda\/wp-json\/wp\/v2\/users\/1"}],"replies":[{"embeddable":true,"href":"https:\/\/prometeoformacion.com\/tienda\/wp-json\/wp\/v2\/comments?post=67"}],"version-history":[{"count":1,"href":"https:\/\/prometeoformacion.com\/tienda\/wp-json\/wp\/v2\/pages\/67\/revisions"}],"predecessor-version":[{"id":131,"href":"https:\/\/prometeoformacion.com\/tienda\/wp-json\/wp\/v2\/pages\/67\/revisions\/131"}],"wp:attachment":[{"href":"https:\/\/prometeoformacion.com\/tienda\/wp-json\/wp\/v2\/media?parent=67"}],"curies":[{"name":"wp","href":"https:\/\/api.w.org\/{rel}","templated":true}]}}